{"id":2010,"date":"2020-11-11T15:04:19","date_gmt":"2020-11-11T14:04:19","guid":{"rendered":"https:\/\/www.masdesantacreu.com\/?post_type=product&#038;p=2010"},"modified":"2025-12-21T11:08:59","modified_gmt":"2025-12-21T10:08:59","slug":"oli-de-raig-ecologic-oliva-arbequina-verge-extra-2l","status":"publish","type":"product","link":"https:\/\/www.masdesantacreu.com\/es\/comprar\/oli-de-raig-ecologic-oliva-arbequina-verge-extra-2l","title":{"rendered":"Oli del raig ecol\u00f2gic d&#8217;oliva arbequina verge extra (2l)"},"content":{"rendered":"","protected":false},"excerpt":{"rendered":"<p><strong>Envase<\/strong>: Envase de pl\u00e1stico<\/p>\n<p><strong>Contenido<\/strong>: 2 litros<\/p>\n<p>Oli del raig ecol\u00f3gico de aceituna arbequina virgen extra 2 L.<\/p>\n<p>L\u2019oli del raig \u00e9s l\u2019essencia de l\u2019oli, pur suc de fruita fresca sense filtrar. Hi ha gustos i aromes que pots gaudir a l\u2019oli del raig que ja no trobar\u00e0s en l\u2019oli filtrat.<br \/>\nEn definitiva, l\u2019oportunitat de gaudir el primer oli de la temporada sentint tot all\u00f2 que hem treballat durant tot l\u2019any per a tu.<\/p>\n<p>Nom\u00e9s disponible fins el 31 de desembre, despr\u00e9s d\u2019aquesta data no el servirem.<\/p>\n<p>Oli amb certificaci\u00f3 CCPAE<br \/>\n<img decoding=\"async\" class=\"alignnone wp-image-2375 size-full\" src=\"https:\/\/www.masdesantacreu.com\/wp-content\/uploads\/2021\/09\/CCPAE-segell-producte-e1632339883428.jpg\" alt=\"\" width=\"73\" height=\"120\"><\/p>\n","protected":false},"featured_media":2319,"template":"","meta":{"_joinchat":[]},"product_brand":[],"product_cat":[33],"product_tag":[141,136,133,139,142,132,134,135,140,137,131,130,138],"class_list":{"0":"post-2010","1":"product","2":"type-product","3":"status-publish","4":"has-post-thumbnail","6":"product_cat-aceite-de-oliva-virgen-extra-ecologico","7":"product_tag-aceite-arbequina-es-2","8":"product_tag-aceite-de-oliva","9":"product_tag-arbequina-es-2","10":"product_tag-baix-camp-es","11":"product_tag-ccpae-es-2","12":"product_tag-ecologic-es","13":"product_tag-mas-de-santa-creu-es-2","14":"product_tag-oli-es","15":"product_tag-oli-arbequina-es","16":"product_tag-oli-doliva-arbequina-es","17":"product_tag-oli-de-raig-es","18":"product_tag-oli-de-raig-ecologic-doliva-arbequina-es","19":"product_tag-riudoms-es-2","21":"first","22":"outofstock","23":"taxable","24":"shipping-taxable","25":"purchasable","26":"product-type-simple"},"yoast_head":"<!-- This site is optimized with the Yoast SEO plugin v26.1.1 - https:\/\/yoast.com\/wordpress\/plugins\/seo\/ -->\n<title>Oli del raig ecol\u00f3gico de aceituna arbequina virgen extra 2 L.<\/title>\n<meta name=\"description\" content=\"Oli del raig ecol\u00f2gic d&#039;oliva arbequina verge extra 2 L. collita 2021. Envasat en garrafa de pl\u00e0stic \u00a1Fes la teva comanda online!\" \/>\n<meta name=\"robots\" content=\"index, follow, max-snippet:-1, max-image-preview:large, max-video-preview:-1\" \/>\n<link rel=\"canonical\" href=\"https:\/\/www.masdesantacreu.com\/es\/comprar\/oli-de-raig-ecologic-oliva-arbequina-verge-extra-2l\" \/>\n<meta property=\"og:locale\" content=\"es_ES\" \/>\n<meta property=\"og:type\" content=\"article\" \/>\n<meta property=\"og:title\" content=\"Oli del raig ecol\u00f3gico de aceituna arbequina virgen extra 2 L.\" \/>\n<meta property=\"og:description\" content=\"Oli del raig ecol\u00f2gic d&#039;oliva arbequina verge extra 2 L. collita 2021. Envasat en garrafa de pl\u00e0stic \u00a1Fes la teva comanda online!\" \/>\n<meta property=\"og:url\" content=\"https:\/\/www.masdesantacreu.com\/es\/comprar\/oli-de-raig-ecologic-oliva-arbequina-verge-extra-2l\" \/>\n<meta property=\"og:site_name\" content=\"Mas de Santa Creu\" \/>\n<meta property=\"article:modified_time\" content=\"2025-12-21T10:08:59+00:00\" \/>\n<meta property=\"og:image\" content=\"https:\/\/www.masdesantacreu.com\/wp-content\/uploads\/2020\/11\/Oli-de-raig-ecologic-oliva-arbequina-2-l-1.jpg\" \/>\n\t<meta property=\"og:image:width\" content=\"800\" \/>\n\t<meta property=\"og:image:height\" content=\"800\" \/>\n\t<meta property=\"og:image:type\" content=\"image\/jpeg\" \/>\n<meta name=\"twitter:card\" content=\"summary_large_image\" \/>\n<script type=\"application\/ld+json\" class=\"yoast-schema-graph\">{\"@context\":\"https:\/\/schema.org\",\"@graph\":[{\"@type\":\"WebPage\",\"@id\":\"https:\/\/www.masdesantacreu.com\/es\/comprar\/oli-de-raig-ecologic-oliva-arbequina-verge-extra-2l\",\"url\":\"https:\/\/www.masdesantacreu.com\/es\/comprar\/oli-de-raig-ecologic-oliva-arbequina-verge-extra-2l\",\"name\":\"Oli del raig ecol\u00f3gico de aceituna arbequina virgen extra 2 L.\",\"isPartOf\":{\"@id\":\"https:\/\/www.masdesantacreu.com\/es#website\"},\"primaryImageOfPage\":{\"@id\":\"https:\/\/www.masdesantacreu.com\/es\/comprar\/oli-de-raig-ecologic-oliva-arbequina-verge-extra-2l#primaryimage\"},\"image\":{\"@id\":\"https:\/\/www.masdesantacreu.com\/es\/comprar\/oli-de-raig-ecologic-oliva-arbequina-verge-extra-2l#primaryimage\"},\"thumbnailUrl\":\"https:\/\/www.masdesantacreu.com\/wp-content\/uploads\/2020\/11\/Oli-de-raig-ecologic-oliva-arbequina-2-l-1.jpg\",\"datePublished\":\"2020-11-11T14:04:19+00:00\",\"dateModified\":\"2025-12-21T10:08:59+00:00\",\"description\":\"Oli del raig ecol\u00f2gic d'oliva arbequina verge extra 2 L. collita 2021. Envasat en garrafa de pl\u00e0stic \u00a1Fes la teva comanda online!\",\"breadcrumb\":{\"@id\":\"https:\/\/www.masdesantacreu.com\/es\/comprar\/oli-de-raig-ecologic-oliva-arbequina-verge-extra-2l#breadcrumb\"},\"inLanguage\":\"es\",\"potentialAction\":[{\"@type\":\"ReadAction\",\"target\":[\"https:\/\/www.masdesantacreu.com\/es\/comprar\/oli-de-raig-ecologic-oliva-arbequina-verge-extra-2l\"]}]},{\"@type\":\"ImageObject\",\"inLanguage\":\"es\",\"@id\":\"https:\/\/www.masdesantacreu.com\/es\/comprar\/oli-de-raig-ecologic-oliva-arbequina-verge-extra-2l#primaryimage\",\"url\":\"https:\/\/www.masdesantacreu.com\/wp-content\/uploads\/2020\/11\/Oli-de-raig-ecologic-oliva-arbequina-2-l-1.jpg\",\"contentUrl\":\"https:\/\/www.masdesantacreu.com\/wp-content\/uploads\/2020\/11\/Oli-de-raig-ecologic-oliva-arbequina-2-l-1.jpg\",\"width\":800,\"height\":800,\"caption\":\"Oli de raig ecol\u00f2gic oliva arbequina 2L.\"},{\"@type\":\"BreadcrumbList\",\"@id\":\"https:\/\/www.masdesantacreu.com\/es\/comprar\/oli-de-raig-ecologic-oliva-arbequina-verge-extra-2l#breadcrumb\",\"itemListElement\":[{\"@type\":\"ListItem\",\"position\":1,\"name\":\"Portada\",\"item\":\"https:\/\/www.masdesantacreu.com\/es\"},{\"@type\":\"ListItem\",\"position\":2,\"name\":\"Tienda\",\"item\":\"https:\/\/www.masdesantacreu.com\/es\/tienda-2\"},{\"@type\":\"ListItem\",\"position\":3,\"name\":\"Oli del raig ecol\u00f2gic d&#8217;oliva arbequina verge extra (2l)\"}]},{\"@type\":\"WebSite\",\"@id\":\"https:\/\/www.masdesantacreu.com\/es#website\",\"url\":\"https:\/\/www.masdesantacreu.com\/es\",\"name\":\"Mas de Santa Creu\",\"description\":\"Mas\u00eda para eventos en Tarragona y productores de aceite de oliva virgen extra ecol\u00f3gico\",\"potentialAction\":[{\"@type\":\"SearchAction\",\"target\":{\"@type\":\"EntryPoint\",\"urlTemplate\":\"https:\/\/www.masdesantacreu.com\/es?s={search_term_string}\"},\"query-input\":{\"@type\":\"PropertyValueSpecification\",\"valueRequired\":true,\"valueName\":\"search_term_string\"}}],\"inLanguage\":\"es\"}]}<\/script>\n<!-- \/ Yoast SEO plugin. -->","yoast_head_json":{"title":"Oli del raig ecol\u00f3gico de aceituna arbequina virgen extra 2 L.","description":"Oli del raig ecol\u00f2gic d'oliva arbequina verge extra 2 L. collita 2021. Envasat en garrafa de pl\u00e0stic \u00a1Fes la teva comanda online!","robots":{"index":"index","follow":"follow","max-snippet":"max-snippet:-1","max-image-preview":"max-image-preview:large","max-video-preview":"max-video-preview:-1"},"canonical":"https:\/\/www.masdesantacreu.com\/es\/comprar\/oli-de-raig-ecologic-oliva-arbequina-verge-extra-2l","og_locale":"es_ES","og_type":"article","og_title":"Oli del raig ecol\u00f3gico de aceituna arbequina virgen extra 2 L.","og_description":"Oli del raig ecol\u00f2gic d'oliva arbequina verge extra 2 L. collita 2021. Envasat en garrafa de pl\u00e0stic \u00a1Fes la teva comanda online!","og_url":"https:\/\/www.masdesantacreu.com\/es\/comprar\/oli-de-raig-ecologic-oliva-arbequina-verge-extra-2l","og_site_name":"Mas de Santa Creu","article_modified_time":"2025-12-21T10:08:59+00:00","og_image":[{"width":800,"height":800,"url":"https:\/\/www.masdesantacreu.com\/wp-content\/uploads\/2020\/11\/Oli-de-raig-ecologic-oliva-arbequina-2-l-1.jpg","type":"image\/jpeg"}],"twitter_card":"summary_large_image","schema":{"@context":"https:\/\/schema.org","@graph":[{"@type":"WebPage","@id":"https:\/\/www.masdesantacreu.com\/es\/comprar\/oli-de-raig-ecologic-oliva-arbequina-verge-extra-2l","url":"https:\/\/www.masdesantacreu.com\/es\/comprar\/oli-de-raig-ecologic-oliva-arbequina-verge-extra-2l","name":"Oli del raig ecol\u00f3gico de aceituna arbequina virgen extra 2 L.","isPartOf":{"@id":"https:\/\/www.masdesantacreu.com\/es#website"},"primaryImageOfPage":{"@id":"https:\/\/www.masdesantacreu.com\/es\/comprar\/oli-de-raig-ecologic-oliva-arbequina-verge-extra-2l#primaryimage"},"image":{"@id":"https:\/\/www.masdesantacreu.com\/es\/comprar\/oli-de-raig-ecologic-oliva-arbequina-verge-extra-2l#primaryimage"},"thumbnailUrl":"https:\/\/www.masdesantacreu.com\/wp-content\/uploads\/2020\/11\/Oli-de-raig-ecologic-oliva-arbequina-2-l-1.jpg","datePublished":"2020-11-11T14:04:19+00:00","dateModified":"2025-12-21T10:08:59+00:00","description":"Oli del raig ecol\u00f2gic d'oliva arbequina verge extra 2 L. collita 2021. Envasat en garrafa de pl\u00e0stic \u00a1Fes la teva comanda online!","breadcrumb":{"@id":"https:\/\/www.masdesantacreu.com\/es\/comprar\/oli-de-raig-ecologic-oliva-arbequina-verge-extra-2l#breadcrumb"},"inLanguage":"es","potentialAction":[{"@type":"ReadAction","target":["https:\/\/www.masdesantacreu.com\/es\/comprar\/oli-de-raig-ecologic-oliva-arbequina-verge-extra-2l"]}]},{"@type":"ImageObject","inLanguage":"es","@id":"https:\/\/www.masdesantacreu.com\/es\/comprar\/oli-de-raig-ecologic-oliva-arbequina-verge-extra-2l#primaryimage","url":"https:\/\/www.masdesantacreu.com\/wp-content\/uploads\/2020\/11\/Oli-de-raig-ecologic-oliva-arbequina-2-l-1.jpg","contentUrl":"https:\/\/www.masdesantacreu.com\/wp-content\/uploads\/2020\/11\/Oli-de-raig-ecologic-oliva-arbequina-2-l-1.jpg","width":800,"height":800,"caption":"Oli de raig ecol\u00f2gic oliva arbequina 2L."},{"@type":"BreadcrumbList","@id":"https:\/\/www.masdesantacreu.com\/es\/comprar\/oli-de-raig-ecologic-oliva-arbequina-verge-extra-2l#breadcrumb","itemListElement":[{"@type":"ListItem","position":1,"name":"Portada","item":"https:\/\/www.masdesantacreu.com\/es"},{"@type":"ListItem","position":2,"name":"Tienda","item":"https:\/\/www.masdesantacreu.com\/es\/tienda-2"},{"@type":"ListItem","position":3,"name":"Oli del raig ecol\u00f2gic d&#8217;oliva arbequina verge extra (2l)"}]},{"@type":"WebSite","@id":"https:\/\/www.masdesantacreu.com\/es#website","url":"https:\/\/www.masdesantacreu.com\/es","name":"Mas de Santa Creu","description":"Mas\u00eda para eventos en Tarragona y productores de aceite de oliva virgen extra ecol\u00f3gico","potentialAction":[{"@type":"SearchAction","target":{"@type":"EntryPoint","urlTemplate":"https:\/\/www.masdesantacreu.com\/es?s={search_term_string}"},"query-input":{"@type":"PropertyValueSpecification","valueRequired":true,"valueName":"search_term_string"}}],"inLanguage":"es"}]}},"_links":{"self":[{"href":"https:\/\/www.masdesantacreu.com\/es\/wp-json\/wp\/v2\/product\/2010","targetHints":{"allow":["GET"]}}],"collection":[{"href":"https:\/\/www.masdesantacreu.com\/es\/wp-json\/wp\/v2\/product"}],"about":[{"href":"https:\/\/www.masdesantacreu.com\/es\/wp-json\/wp\/v2\/types\/product"}],"wp:featuredmedia":[{"embeddable":true,"href":"https:\/\/www.masdesantacreu.com\/es\/wp-json\/wp\/v2\/media\/2319"}],"wp:attachment":[{"href":"https:\/\/www.masdesantacreu.com\/es\/wp-json\/wp\/v2\/media?parent=2010"}],"wp:term":[{"taxonomy":"product_brand","embeddable":true,"href":"https:\/\/www.masdesantacreu.com\/es\/wp-json\/wp\/v2\/product_brand?post=2010"},{"taxonomy":"product_cat","embeddable":true,"href":"https:\/\/www.masdesantacreu.com\/es\/wp-json\/wp\/v2\/product_cat?post=2010"},{"taxonomy":"product_tag","embeddable":true,"href":"https:\/\/www.masdesantacreu.com\/es\/wp-json\/wp\/v2\/product_tag?post=2010"}],"curies":[{"name":"wp","href":"https:\/\/api.w.org\/{rel}","templated":true}]}}