{"id":5726,"date":"2025-01-14T08:32:38","date_gmt":"2025-01-14T07:43:25","guid":{"rendered":"https:\/\/www.masdesantacreu.com\/comprar\/lote-dolca-muntanya"},"modified":"2025-01-14T08:43:25","modified_gmt":"2025-01-14T07:43:25","slug":"lote-dolca-muntanya","status":"publish","type":"product","link":"https:\/\/www.masdesantacreu.com\/es\/comprar\/lote-dolca-muntanya","title":{"rendered":"Lote DOL\u00c7A MUNTANYA"},"content":{"rendered":"<p>1 botella de aceite de monta\u00f1a Premium SOLISER\u00c8<br \/>\n1 alioli de algarroba<br \/>\n1 crema de avellana y algarroba<br \/>\n1 pat\u00e9 de aceituna verde<\/p>\n<p>Precio: 25\u20ac<\/p>\n<p>Observaciones:<\/p>\n<ul>\n<li>Todos los productos son <strong>ecol\u00f3gicos, gluten free y veganos<\/strong>.<\/li>\n<li>Todos los precios incluyen el IVA.<\/li>\n<li>Todos los lotes se presentan en caja de cart\u00f3n reciclado Kraft tipo lote con logo estampado.<\/li>\n<li>Producci\u00f3n limitada. Consulte disponibilidad.<\/li>\n<\/ul>\n","protected":false},"excerpt":{"rendered":"<p>1 botella de aceite de monta\u00f1a Premium SOLISER\u00c8 1 alioli de algarroba 1 crema de avellana y algarroba 1 pat\u00e9 de aceituna verde Precio: 25\u20ac Observaciones:<span class=\"excerpt-hellip\"> [\u2026]<\/span><\/p>\n","protected":false},"featured_media":5730,"template":"","meta":{"_joinchat":[]},"product_brand":[],"product_cat":[147],"product_tag":[],"class_list":{"0":"post-5726","1":"product","2":"type-product","3":"status-publish","4":"has-post-thumbnail","6":"product_cat-sin-categorizar-es","8":"first","9":"instock","10":"taxable","11":"shipping-taxable","12":"purchasable","13":"product-type-simple"},"yoast_head":"<!-- This site is optimized with the Yoast SEO plugin v26.1.1 - https:\/\/yoast.com\/wordpress\/plugins\/seo\/ -->\n<title>Lote DOL\u00c7A MUNTANYA - Mas de Santa Creu<\/title>\n<meta name=\"robots\" content=\"index, follow, max-snippet:-1, max-image-preview:large, max-video-preview:-1\" \/>\n<link rel=\"canonical\" href=\"https:\/\/www.masdesantacreu.com\/es\/comprar\/lote-dolca-muntanya\" \/>\n<meta property=\"og:locale\" content=\"es_ES\" \/>\n<meta property=\"og:type\" content=\"article\" \/>\n<meta property=\"og:title\" content=\"Lote DOL\u00c7A MUNTANYA - Mas de Santa Creu\" \/>\n<meta property=\"og:description\" content=\"1 botella de aceite de monta\u00f1a Premium SOLISER\u00c8 1 alioli de algarroba 1 crema de avellana y algarroba 1 pat\u00e9 de aceituna verde Precio: 25\u20ac Observaciones: [\u2026]\" \/>\n<meta property=\"og:url\" content=\"https:\/\/www.masdesantacreu.com\/es\/comprar\/lote-dolca-muntanya\" \/>\n<meta property=\"og:site_name\" content=\"Mas de Santa Creu\" \/>\n<meta property=\"og:image\" content=\"https:\/\/www.masdesantacreu.com\/wp-content\/uploads\/2025\/01\/lot-1-scaled.jpg\" \/>\n\t<meta property=\"og:image:width\" content=\"1920\" \/>\n\t<meta property=\"og:image:height\" content=\"2560\" \/>\n\t<meta property=\"og:image:type\" content=\"image\/jpeg\" \/>\n<meta name=\"twitter:card\" content=\"summary_large_image\" \/>\n<script type=\"application\/ld+json\" class=\"yoast-schema-graph\">{\"@context\":\"https:\/\/schema.org\",\"@graph\":[{\"@type\":\"WebPage\",\"@id\":\"https:\/\/www.masdesantacreu.com\/es\/comprar\/lote-dolca-muntanya\",\"url\":\"https:\/\/www.masdesantacreu.com\/es\/comprar\/lote-dolca-muntanya\",\"name\":\"Lote DOL\u00c7A MUNTANYA - Mas de Santa Creu\",\"isPartOf\":{\"@id\":\"https:\/\/www.masdesantacreu.com\/es#website\"},\"primaryImageOfPage\":{\"@id\":\"https:\/\/www.masdesantacreu.com\/es\/comprar\/lote-dolca-muntanya#primaryimage\"},\"image\":{\"@id\":\"https:\/\/www.masdesantacreu.com\/es\/comprar\/lote-dolca-muntanya#primaryimage\"},\"thumbnailUrl\":\"https:\/\/www.masdesantacreu.com\/wp-content\/uploads\/2025\/01\/lot-1-2-scaled.jpg\",\"datePublished\":\"2025-01-14T07:43:25+00:00\",\"breadcrumb\":{\"@id\":\"https:\/\/www.masdesantacreu.com\/es\/comprar\/lote-dolca-muntanya#breadcrumb\"},\"inLanguage\":\"es\",\"potentialAction\":[{\"@type\":\"ReadAction\",\"target\":[\"https:\/\/www.masdesantacreu.com\/es\/comprar\/lote-dolca-muntanya\"]}]},{\"@type\":\"ImageObject\",\"inLanguage\":\"es\",\"@id\":\"https:\/\/www.masdesantacreu.com\/es\/comprar\/lote-dolca-muntanya#primaryimage\",\"url\":\"https:\/\/www.masdesantacreu.com\/wp-content\/uploads\/2025\/01\/lot-1-2-scaled.jpg\",\"contentUrl\":\"https:\/\/www.masdesantacreu.com\/wp-content\/uploads\/2025\/01\/lot-1-2-scaled.jpg\",\"width\":2104,\"height\":2560,\"caption\":\"Lot DOL\u00c7A MUNTANYA\"},{\"@type\":\"BreadcrumbList\",\"@id\":\"https:\/\/www.masdesantacreu.com\/es\/comprar\/lote-dolca-muntanya#breadcrumb\",\"itemListElement\":[{\"@type\":\"ListItem\",\"position\":1,\"name\":\"Portada\",\"item\":\"https:\/\/www.masdesantacreu.com\/es\"},{\"@type\":\"ListItem\",\"position\":2,\"name\":\"Tienda\",\"item\":\"https:\/\/www.masdesantacreu.com\/es\/tienda-2\"},{\"@type\":\"ListItem\",\"position\":3,\"name\":\"Lote DOL\u00c7A MUNTANYA\"}]},{\"@type\":\"WebSite\",\"@id\":\"https:\/\/www.masdesantacreu.com\/es#website\",\"url\":\"https:\/\/www.masdesantacreu.com\/es\",\"name\":\"Mas de Santa Creu\",\"description\":\"Mas\u00eda para eventos en Tarragona y productores de aceite de oliva virgen extra ecol\u00f3gico\",\"potentialAction\":[{\"@type\":\"SearchAction\",\"target\":{\"@type\":\"EntryPoint\",\"urlTemplate\":\"https:\/\/www.masdesantacreu.com\/es?s={search_term_string}\"},\"query-input\":{\"@type\":\"PropertyValueSpecification\",\"valueRequired\":true,\"valueName\":\"search_term_string\"}}],\"inLanguage\":\"es\"}]}<\/script>\n<!-- \/ Yoast SEO plugin. -->","yoast_head_json":{"title":"Lote DOL\u00c7A MUNTANYA - Mas de Santa Creu","robots":{"index":"index","follow":"follow","max-snippet":"max-snippet:-1","max-image-preview":"max-image-preview:large","max-video-preview":"max-video-preview:-1"},"canonical":"https:\/\/www.masdesantacreu.com\/es\/comprar\/lote-dolca-muntanya","og_locale":"es_ES","og_type":"article","og_title":"Lote DOL\u00c7A MUNTANYA - Mas de Santa Creu","og_description":"1 botella de aceite de monta\u00f1a Premium SOLISER\u00c8 1 alioli de algarroba 1 crema de avellana y algarroba 1 pat\u00e9 de aceituna verde Precio: 25\u20ac Observaciones: [\u2026]","og_url":"https:\/\/www.masdesantacreu.com\/es\/comprar\/lote-dolca-muntanya","og_site_name":"Mas de Santa Creu","og_image":[{"width":1920,"height":2560,"url":"https:\/\/www.masdesantacreu.com\/wp-content\/uploads\/2025\/01\/lot-1-scaled.jpg","type":"image\/jpeg"}],"twitter_card":"summary_large_image","schema":{"@context":"https:\/\/schema.org","@graph":[{"@type":"WebPage","@id":"https:\/\/www.masdesantacreu.com\/es\/comprar\/lote-dolca-muntanya","url":"https:\/\/www.masdesantacreu.com\/es\/comprar\/lote-dolca-muntanya","name":"Lote DOL\u00c7A MUNTANYA - Mas de Santa Creu","isPartOf":{"@id":"https:\/\/www.masdesantacreu.com\/es#website"},"primaryImageOfPage":{"@id":"https:\/\/www.masdesantacreu.com\/es\/comprar\/lote-dolca-muntanya#primaryimage"},"image":{"@id":"https:\/\/www.masdesantacreu.com\/es\/comprar\/lote-dolca-muntanya#primaryimage"},"thumbnailUrl":"https:\/\/www.masdesantacreu.com\/wp-content\/uploads\/2025\/01\/lot-1-2-scaled.jpg","datePublished":"2025-01-14T07:43:25+00:00","breadcrumb":{"@id":"https:\/\/www.masdesantacreu.com\/es\/comprar\/lote-dolca-muntanya#breadcrumb"},"inLanguage":"es","potentialAction":[{"@type":"ReadAction","target":["https:\/\/www.masdesantacreu.com\/es\/comprar\/lote-dolca-muntanya"]}]},{"@type":"ImageObject","inLanguage":"es","@id":"https:\/\/www.masdesantacreu.com\/es\/comprar\/lote-dolca-muntanya#primaryimage","url":"https:\/\/www.masdesantacreu.com\/wp-content\/uploads\/2025\/01\/lot-1-2-scaled.jpg","contentUrl":"https:\/\/www.masdesantacreu.com\/wp-content\/uploads\/2025\/01\/lot-1-2-scaled.jpg","width":2104,"height":2560,"caption":"Lot DOL\u00c7A MUNTANYA"},{"@type":"BreadcrumbList","@id":"https:\/\/www.masdesantacreu.com\/es\/comprar\/lote-dolca-muntanya#breadcrumb","itemListElement":[{"@type":"ListItem","position":1,"name":"Portada","item":"https:\/\/www.masdesantacreu.com\/es"},{"@type":"ListItem","position":2,"name":"Tienda","item":"https:\/\/www.masdesantacreu.com\/es\/tienda-2"},{"@type":"ListItem","position":3,"name":"Lote DOL\u00c7A MUNTANYA"}]},{"@type":"WebSite","@id":"https:\/\/www.masdesantacreu.com\/es#website","url":"https:\/\/www.masdesantacreu.com\/es","name":"Mas de Santa Creu","description":"Mas\u00eda para eventos en Tarragona y productores de aceite de oliva virgen extra ecol\u00f3gico","potentialAction":[{"@type":"SearchAction","target":{"@type":"EntryPoint","urlTemplate":"https:\/\/www.masdesantacreu.com\/es?s={search_term_string}"},"query-input":{"@type":"PropertyValueSpecification","valueRequired":true,"valueName":"search_term_string"}}],"inLanguage":"es"}]}},"_links":{"self":[{"href":"https:\/\/www.masdesantacreu.com\/es\/wp-json\/wp\/v2\/product\/5726","targetHints":{"allow":["GET"]}}],"collection":[{"href":"https:\/\/www.masdesantacreu.com\/es\/wp-json\/wp\/v2\/product"}],"about":[{"href":"https:\/\/www.masdesantacreu.com\/es\/wp-json\/wp\/v2\/types\/product"}],"wp:featuredmedia":[{"embeddable":true,"href":"https:\/\/www.masdesantacreu.com\/es\/wp-json\/wp\/v2\/media\/5730"}],"wp:attachment":[{"href":"https:\/\/www.masdesantacreu.com\/es\/wp-json\/wp\/v2\/media?parent=5726"}],"wp:term":[{"taxonomy":"product_brand","embeddable":true,"href":"https:\/\/www.masdesantacreu.com\/es\/wp-json\/wp\/v2\/product_brand?post=5726"},{"taxonomy":"product_cat","embeddable":true,"href":"https:\/\/www.masdesantacreu.com\/es\/wp-json\/wp\/v2\/product_cat?post=5726"},{"taxonomy":"product_tag","embeddable":true,"href":"https:\/\/www.masdesantacreu.com\/es\/wp-json\/wp\/v2\/product_tag?post=5726"}],"curies":[{"name":"wp","href":"https:\/\/api.w.org\/{rel}","templated":true}]}}